{"id":7,"date":"2021-09-01T07:36:12","date_gmt":"2021-09-01T07:36:12","guid":{"rendered":"https:\/\/www.nasasuperhrana.si\/ribe\/?page_id=7"},"modified":"2021-10-14T16:47:09","modified_gmt":"2021-10-14T14:47:09","slug":"home-page","status":"publish","type":"page","link":"https:\/\/www.nasasuperhrana.si\/ribe\/","title":{"rendered":"Domov"},"content":{"rendered":"","protected":false},"excerpt":{"rendered":"","protected":false},"author":5,"featured_media":0,"parent":0,"menu_order":0,"comment_status":"closed","ping_status":"closed","template":"home.php","meta":{"_acf_changed":false,"footnotes":""},"class_list":["post-7","page","type-page","status-publish","hentry"],"acf":[],"yoast_head":"<!-- This site is optimized with the Yoast SEO plugin v23.8 - https:\/\/yoast.com\/wordpress\/plugins\/seo\/ -->\n<title>Domov - Na\u0161asuperhrana Ribe<\/title>\n<meta name=\"description\" content=\"Najokusnej\u0161e zgodbe na\u0161ih voda. Odkrijte in podprite lokalne ribi\u010de, ribogojce, \u0161koljkarje in predelovalce.\" \/>\n<meta name=\"robots\" content=\"index, follow, max-snippet:-1, max-image-preview:large, max-video-preview:-1\" \/>\n<link rel=\"canonical\" href=\"https:\/\/www.nasasuperhrana.si\/ribe\/\" \/>\n<meta property=\"og:locale\" content=\"sl_SI\" \/>\n<meta property=\"og:type\" content=\"article\" \/>\n<meta property=\"og:title\" content=\"Najokusnej\u0161e zgodbe na\u0161ih voda\" \/>\n<meta property=\"og:description\" content=\"Odkrijte in podprite lokalne ribi\u010de, ribogojce, \u0161koljkarje in predelovalce.\" \/>\n<meta property=\"og:url\" content=\"https:\/\/www.nasasuperhrana.si\/ribe\/\" \/>\n<meta property=\"og:site_name\" content=\"Na\u0161asuperhrana Ribe\" \/>\n<meta property=\"article:modified_time\" content=\"2021-10-14T14:47:09+00:00\" \/>\n<meta name=\"twitter:card\" content=\"summary_large_image\" \/>\n<meta name=\"twitter:title\" content=\"Najokusnej\u0161e zgodbe na\u0161ih voda\" \/>\n<meta name=\"twitter:description\" content=\"Odkrijte in podprite lokalne ribi\u010de, ribogojce, \u0161koljkarje in predelovalce.\" \/>\n<script type=\"application\/ld+json\" class=\"yoast-schema-graph\">{\"@context\":\"https:\/\/schema.org\",\"@graph\":[{\"@type\":\"WebPage\",\"@id\":\"https:\/\/www.nasasuperhrana.si\/ribe\/\",\"url\":\"https:\/\/www.nasasuperhrana.si\/ribe\/\",\"name\":\"Domov - Na\u0161asuperhrana Ribe\",\"isPartOf\":{\"@id\":\"https:\/\/www.nasasuperhrana.si\/ribe\/#website\"},\"datePublished\":\"2021-09-01T07:36:12+00:00\",\"dateModified\":\"2021-10-14T14:47:09+00:00\",\"description\":\"Najokusnej\u0161e zgodbe na\u0161ih voda. Odkrijte in podprite lokalne ribi\u010de, ribogojce, \u0161koljkarje in predelovalce.\",\"breadcrumb\":{\"@id\":\"https:\/\/www.nasasuperhrana.si\/ribe\/#breadcrumb\"},\"inLanguage\":\"sl-SI\",\"potentialAction\":[{\"@type\":\"ReadAction\",\"target\":[\"https:\/\/www.nasasuperhrana.si\/ribe\/\"]}]},{\"@type\":\"BreadcrumbList\",\"@id\":\"https:\/\/www.nasasuperhrana.si\/ribe\/#breadcrumb\",\"itemListElement\":[{\"@type\":\"ListItem\",\"position\":1,\"name\":\"Home\",\"item\":\"https:\/\/www.nasasuperhrana.si\/ribe\/\"},{\"@type\":\"ListItem\",\"position\":2,\"name\":\"Domov\"}]},{\"@type\":\"WebSite\",\"@id\":\"https:\/\/www.nasasuperhrana.si\/ribe\/#website\",\"url\":\"https:\/\/www.nasasuperhrana.si\/ribe\/\",\"name\":\"Na\u0161asuperhrana Ribe\",\"description\":\"Najokusnej\u0161e zgodbe na\u0161ega morja\",\"potentialAction\":[{\"@type\":\"SearchAction\",\"target\":{\"@type\":\"EntryPoint\",\"urlTemplate\":\"https:\/\/www.nasasuperhrana.si\/ribe\/?s={search_term_string}\"},\"query-input\":{\"@type\":\"PropertyValueSpecification\",\"valueRequired\":true,\"valueName\":\"search_term_string\"}}],\"inLanguage\":\"sl-SI\"}]}<\/script>\n<!-- \/ Yoast SEO plugin. -->","yoast_head_json":{"title":"Domov - Na\u0161asuperhrana Ribe","description":"Najokusnej\u0161e zgodbe na\u0161ih voda. Odkrijte in podprite lokalne ribi\u010de, ribogojce, \u0161koljkarje in predelovalce.","robots":{"index":"index","follow":"follow","max-snippet":"max-snippet:-1","max-image-preview":"max-image-preview:large","max-video-preview":"max-video-preview:-1"},"canonical":"https:\/\/www.nasasuperhrana.si\/ribe\/","og_locale":"sl_SI","og_type":"article","og_title":"Najokusnej\u0161e zgodbe na\u0161ih voda","og_description":"Odkrijte in podprite lokalne ribi\u010de, ribogojce, \u0161koljkarje in predelovalce.","og_url":"https:\/\/www.nasasuperhrana.si\/ribe\/","og_site_name":"Na\u0161asuperhrana Ribe","article_modified_time":"2021-10-14T14:47:09+00:00","twitter_card":"summary_large_image","twitter_title":"Najokusnej\u0161e zgodbe na\u0161ih voda","twitter_description":"Odkrijte in podprite lokalne ribi\u010de, ribogojce, \u0161koljkarje in predelovalce.","schema":{"@context":"https:\/\/schema.org","@graph":[{"@type":"WebPage","@id":"https:\/\/www.nasasuperhrana.si\/ribe\/","url":"https:\/\/www.nasasuperhrana.si\/ribe\/","name":"Domov - Na\u0161asuperhrana Ribe","isPartOf":{"@id":"https:\/\/www.nasasuperhrana.si\/ribe\/#website"},"datePublished":"2021-09-01T07:36:12+00:00","dateModified":"2021-10-14T14:47:09+00:00","description":"Najokusnej\u0161e zgodbe na\u0161ih voda. Odkrijte in podprite lokalne ribi\u010de, ribogojce, \u0161koljkarje in predelovalce.","breadcrumb":{"@id":"https:\/\/www.nasasuperhrana.si\/ribe\/#breadcrumb"},"inLanguage":"sl-SI","potentialAction":[{"@type":"ReadAction","target":["https:\/\/www.nasasuperhrana.si\/ribe\/"]}]},{"@type":"BreadcrumbList","@id":"https:\/\/www.nasasuperhrana.si\/ribe\/#breadcrumb","itemListElement":[{"@type":"ListItem","position":1,"name":"Home","item":"https:\/\/www.nasasuperhrana.si\/ribe\/"},{"@type":"ListItem","position":2,"name":"Domov"}]},{"@type":"WebSite","@id":"https:\/\/www.nasasuperhrana.si\/ribe\/#website","url":"https:\/\/www.nasasuperhrana.si\/ribe\/","name":"Na\u0161asuperhrana Ribe","description":"Najokusnej\u0161e zgodbe na\u0161ega morja","potentialAction":[{"@type":"SearchAction","target":{"@type":"EntryPoint","urlTemplate":"https:\/\/www.nasasuperhrana.si\/ribe\/?s={search_term_string}"},"query-input":{"@type":"PropertyValueSpecification","valueRequired":true,"valueName":"search_term_string"}}],"inLanguage":"sl-SI"}]}},"_links":{"self":[{"href":"https:\/\/www.nasasuperhrana.si\/ribe\/wp-json\/wp\/v2\/pages\/7","targetHints":{"allow":["GET"]}}],"collection":[{"href":"https:\/\/www.nasasuperhrana.si\/ribe\/wp-json\/wp\/v2\/pages"}],"about":[{"href":"https:\/\/www.nasasuperhrana.si\/ribe\/wp-json\/wp\/v2\/types\/page"}],"author":[{"embeddable":true,"href":"https:\/\/www.nasasuperhrana.si\/ribe\/wp-json\/wp\/v2\/users\/5"}],"replies":[{"embeddable":true,"href":"https:\/\/www.nasasuperhrana.si\/ribe\/wp-json\/wp\/v2\/comments?post=7"}],"version-history":[{"count":34,"href":"https:\/\/www.nasasuperhrana.si\/ribe\/wp-json\/wp\/v2\/pages\/7\/revisions"}],"predecessor-version":[{"id":2262,"href":"https:\/\/www.nasasuperhrana.si\/ribe\/wp-json\/wp\/v2\/pages\/7\/revisions\/2262"}],"wp:attachment":[{"href":"https:\/\/www.nasasuperhrana.si\/ribe\/wp-json\/wp\/v2\/media?parent=7"}],"curies":[{"name":"wp","href":"https:\/\/api.w.org\/{rel}","templated":true}]}}