{"id":688,"date":"2021-09-22T10:55:17","date_gmt":"2021-09-22T10:55:17","guid":{"rendered":"https:\/\/www.nasasuperhrana.si\/ribe\/?page_id=688"},"modified":"2021-09-28T13:34:33","modified_gmt":"2021-09-28T13:34:33","slug":"lokalni-predelavci","status":"publish","type":"page","link":"https:\/\/www.nasasuperhrana.si\/ribe\/predelava\/lokalni-predelavci\/","title":{"rendered":"Lokalni predelavci"},"content":{"rendered":"","protected":false},"excerpt":{"rendered":"","protected":false},"author":5,"featured_media":0,"parent":613,"menu_order":0,"comment_status":"closed","ping_status":"closed","template":"","meta":{"_acf_changed":false,"footnotes":""},"class_list":["post-688","page","type-page","status-publish","hentry"],"acf":[],"yoast_head":"<!-- This site is optimized with the Yoast SEO plugin v23.8 - https:\/\/yoast.com\/wordpress\/plugins\/seo\/ -->\n<title>Lokalni predelavci - Na\u0161asuperhrana Ribe<\/title>\n<meta name=\"robots\" content=\"index, follow, max-snippet:-1, max-image-preview:large, max-video-preview:-1\" \/>\n<link rel=\"canonical\" href=\"https:\/\/www.nasasuperhrana.si\/ribe\/predelava\/lokalni-predelavci\/\" \/>\n<meta property=\"og:locale\" content=\"sl_SI\" \/>\n<meta property=\"og:type\" content=\"article\" \/>\n<meta property=\"og:title\" content=\"Lokalni predelavci - Na\u0161asuperhrana Ribe\" \/>\n<meta property=\"og:url\" content=\"https:\/\/www.nasasuperhrana.si\/ribe\/predelava\/lokalni-predelavci\/\" \/>\n<meta property=\"og:site_name\" content=\"Na\u0161asuperhrana Ribe\" \/>\n<meta property=\"article:modified_time\" content=\"2021-09-28T13:34:33+00:00\" \/>\n<meta name=\"twitter:card\" content=\"summary_large_image\" \/>\n<script type=\"application\/ld+json\" class=\"yoast-schema-graph\">{\"@context\":\"https:\/\/schema.org\",\"@graph\":[{\"@type\":\"WebPage\",\"@id\":\"https:\/\/www.nasasuperhrana.si\/ribe\/predelava\/lokalni-predelavci\/\",\"url\":\"https:\/\/www.nasasuperhrana.si\/ribe\/predelava\/lokalni-predelavci\/\",\"name\":\"Lokalni predelavci - Na\u0161asuperhrana Ribe\",\"isPartOf\":{\"@id\":\"https:\/\/www.nasasuperhrana.si\/ribe\/#website\"},\"datePublished\":\"2021-09-22T10:55:17+00:00\",\"dateModified\":\"2021-09-28T13:34:33+00:00\",\"breadcrumb\":{\"@id\":\"https:\/\/www.nasasuperhrana.si\/ribe\/predelava\/lokalni-predelavci\/#breadcrumb\"},\"inLanguage\":\"sl-SI\",\"potentialAction\":[{\"@type\":\"ReadAction\",\"target\":[\"https:\/\/www.nasasuperhrana.si\/ribe\/predelava\/lokalni-predelavci\/\"]}]},{\"@type\":\"BreadcrumbList\",\"@id\":\"https:\/\/www.nasasuperhrana.si\/ribe\/predelava\/lokalni-predelavci\/#breadcrumb\",\"itemListElement\":[{\"@type\":\"ListItem\",\"position\":1,\"name\":\"Home\",\"item\":\"https:\/\/www.nasasuperhrana.si\/ribe\/\"},{\"@type\":\"ListItem\",\"position\":2,\"name\":\"Predelava\",\"item\":\"https:\/\/www.nasasuperhrana.si\/ribe\/predelava\/\"},{\"@type\":\"ListItem\",\"position\":3,\"name\":\"Lokalni predelavci\"}]},{\"@type\":\"WebSite\",\"@id\":\"https:\/\/www.nasasuperhrana.si\/ribe\/#website\",\"url\":\"https:\/\/www.nasasuperhrana.si\/ribe\/\",\"name\":\"Na\u0161asuperhrana Ribe\",\"description\":\"Najokusnej\u0161e zgodbe na\u0161ega morja\",\"potentialAction\":[{\"@type\":\"SearchAction\",\"target\":{\"@type\":\"EntryPoint\",\"urlTemplate\":\"https:\/\/www.nasasuperhrana.si\/ribe\/?s={search_term_string}\"},\"query-input\":{\"@type\":\"PropertyValueSpecification\",\"valueRequired\":true,\"valueName\":\"search_term_string\"}}],\"inLanguage\":\"sl-SI\"}]}<\/script>\n<!-- \/ Yoast SEO plugin. -->","yoast_head_json":{"title":"Lokalni predelavci - Na\u0161asuperhrana Ribe","robots":{"index":"index","follow":"follow","max-snippet":"max-snippet:-1","max-image-preview":"max-image-preview:large","max-video-preview":"max-video-preview:-1"},"canonical":"https:\/\/www.nasasuperhrana.si\/ribe\/predelava\/lokalni-predelavci\/","og_locale":"sl_SI","og_type":"article","og_title":"Lokalni predelavci - Na\u0161asuperhrana Ribe","og_url":"https:\/\/www.nasasuperhrana.si\/ribe\/predelava\/lokalni-predelavci\/","og_site_name":"Na\u0161asuperhrana Ribe","article_modified_time":"2021-09-28T13:34:33+00:00","twitter_card":"summary_large_image","schema":{"@context":"https:\/\/schema.org","@graph":[{"@type":"WebPage","@id":"https:\/\/www.nasasuperhrana.si\/ribe\/predelava\/lokalni-predelavci\/","url":"https:\/\/www.nasasuperhrana.si\/ribe\/predelava\/lokalni-predelavci\/","name":"Lokalni predelavci - Na\u0161asuperhrana Ribe","isPartOf":{"@id":"https:\/\/www.nasasuperhrana.si\/ribe\/#website"},"datePublished":"2021-09-22T10:55:17+00:00","dateModified":"2021-09-28T13:34:33+00:00","breadcrumb":{"@id":"https:\/\/www.nasasuperhrana.si\/ribe\/predelava\/lokalni-predelavci\/#breadcrumb"},"inLanguage":"sl-SI","potentialAction":[{"@type":"ReadAction","target":["https:\/\/www.nasasuperhrana.si\/ribe\/predelava\/lokalni-predelavci\/"]}]},{"@type":"BreadcrumbList","@id":"https:\/\/www.nasasuperhrana.si\/ribe\/predelava\/lokalni-predelavci\/#breadcrumb","itemListElement":[{"@type":"ListItem","position":1,"name":"Home","item":"https:\/\/www.nasasuperhrana.si\/ribe\/"},{"@type":"ListItem","position":2,"name":"Predelava","item":"https:\/\/www.nasasuperhrana.si\/ribe\/predelava\/"},{"@type":"ListItem","position":3,"name":"Lokalni predelavci"}]},{"@type":"WebSite","@id":"https:\/\/www.nasasuperhrana.si\/ribe\/#website","url":"https:\/\/www.nasasuperhrana.si\/ribe\/","name":"Na\u0161asuperhrana Ribe","description":"Najokusnej\u0161e zgodbe na\u0161ega morja","potentialAction":[{"@type":"SearchAction","target":{"@type":"EntryPoint","urlTemplate":"https:\/\/www.nasasuperhrana.si\/ribe\/?s={search_term_string}"},"query-input":{"@type":"PropertyValueSpecification","valueRequired":true,"valueName":"search_term_string"}}],"inLanguage":"sl-SI"}]}},"_links":{"self":[{"href":"https:\/\/www.nasasuperhrana.si\/ribe\/wp-json\/wp\/v2\/pages\/688","targetHints":{"allow":["GET"]}}],"collection":[{"href":"https:\/\/www.nasasuperhrana.si\/ribe\/wp-json\/wp\/v2\/pages"}],"about":[{"href":"https:\/\/www.nasasuperhrana.si\/ribe\/wp-json\/wp\/v2\/types\/page"}],"author":[{"embeddable":true,"href":"https:\/\/www.nasasuperhrana.si\/ribe\/wp-json\/wp\/v2\/users\/5"}],"replies":[{"embeddable":true,"href":"https:\/\/www.nasasuperhrana.si\/ribe\/wp-json\/wp\/v2\/comments?post=688"}],"version-history":[{"count":8,"href":"https:\/\/www.nasasuperhrana.si\/ribe\/wp-json\/wp\/v2\/pages\/688\/revisions"}],"predecessor-version":[{"id":1270,"href":"https:\/\/www.nasasuperhrana.si\/ribe\/wp-json\/wp\/v2\/pages\/688\/revisions\/1270"}],"up":[{"embeddable":true,"href":"https:\/\/www.nasasuperhrana.si\/ribe\/wp-json\/wp\/v2\/pages\/613"}],"wp:attachment":[{"href":"https:\/\/www.nasasuperhrana.si\/ribe\/wp-json\/wp\/v2\/media?parent=688"}],"curies":[{"name":"wp","href":"https:\/\/api.w.org\/{rel}","templated":true}]}}