{"id":2189,"date":"2021-10-14T15:47:07","date_gmt":"2021-10-14T13:47:07","guid":{"rendered":"https:\/\/www.nasasuperhrana.si\/ribe\/?page_id=2189"},"modified":"2021-10-14T16:38:16","modified_gmt":"2021-10-14T14:38:16","slug":"ribolovna-orodja","status":"publish","type":"page","link":"https:\/\/www.nasasuperhrana.si\/ribe\/morsko-ribistvo-in-marikultura\/ribolovna-orodja\/","title":{"rendered":"Ribolovna orodja"},"content":{"rendered":"","protected":false},"excerpt":{"rendered":"","protected":false},"author":5,"featured_media":0,"parent":609,"menu_order":0,"comment_status":"closed","ping_status":"closed","template":"","meta":{"_acf_changed":false,"footnotes":""},"class_list":["post-2189","page","type-page","status-publish","hentry"],"acf":[],"yoast_head":"<!-- This site is optimized with the Yoast SEO plugin v23.8 - https:\/\/yoast.com\/wordpress\/plugins\/seo\/ -->\n<title>Ribolovna orodja - Na\u0161asuperhrana Ribe<\/title>\n<meta name=\"robots\" content=\"index, follow, max-snippet:-1, max-image-preview:large, max-video-preview:-1\" \/>\n<link rel=\"canonical\" href=\"https:\/\/www.nasasuperhrana.si\/ribe\/morsko-ribistvo-in-marikultura\/ribolovna-orodja\/\" \/>\n<meta property=\"og:locale\" content=\"sl_SI\" \/>\n<meta property=\"og:type\" content=\"article\" \/>\n<meta property=\"og:title\" content=\"Ribolovna orodja - Na\u0161asuperhrana Ribe\" \/>\n<meta property=\"og:url\" content=\"https:\/\/www.nasasuperhrana.si\/ribe\/morsko-ribistvo-in-marikultura\/ribolovna-orodja\/\" \/>\n<meta property=\"og:site_name\" content=\"Na\u0161asuperhrana Ribe\" \/>\n<meta property=\"article:modified_time\" content=\"2021-10-14T14:38:16+00:00\" \/>\n<meta name=\"twitter:card\" content=\"summary_large_image\" \/>\n<script type=\"application\/ld+json\" class=\"yoast-schema-graph\">{\"@context\":\"https:\/\/schema.org\",\"@graph\":[{\"@type\":\"WebPage\",\"@id\":\"https:\/\/www.nasasuperhrana.si\/ribe\/morsko-ribistvo-in-marikultura\/ribolovna-orodja\/\",\"url\":\"https:\/\/www.nasasuperhrana.si\/ribe\/morsko-ribistvo-in-marikultura\/ribolovna-orodja\/\",\"name\":\"Ribolovna orodja - Na\u0161asuperhrana Ribe\",\"isPartOf\":{\"@id\":\"https:\/\/www.nasasuperhrana.si\/ribe\/#website\"},\"datePublished\":\"2021-10-14T13:47:07+00:00\",\"dateModified\":\"2021-10-14T14:38:16+00:00\",\"breadcrumb\":{\"@id\":\"https:\/\/www.nasasuperhrana.si\/ribe\/morsko-ribistvo-in-marikultura\/ribolovna-orodja\/#breadcrumb\"},\"inLanguage\":\"sl-SI\",\"potentialAction\":[{\"@type\":\"ReadAction\",\"target\":[\"https:\/\/www.nasasuperhrana.si\/ribe\/morsko-ribistvo-in-marikultura\/ribolovna-orodja\/\"]}]},{\"@type\":\"BreadcrumbList\",\"@id\":\"https:\/\/www.nasasuperhrana.si\/ribe\/morsko-ribistvo-in-marikultura\/ribolovna-orodja\/#breadcrumb\",\"itemListElement\":[{\"@type\":\"ListItem\",\"position\":1,\"name\":\"Home\",\"item\":\"https:\/\/www.nasasuperhrana.si\/ribe\/\"},{\"@type\":\"ListItem\",\"position\":2,\"name\":\"Morsko ribi\u0161tvo in marikultura\",\"item\":\"https:\/\/www.nasasuperhrana.si\/ribe\/morsko-ribistvo-in-marikultura\/\"},{\"@type\":\"ListItem\",\"position\":3,\"name\":\"Ribolovna orodja\"}]},{\"@type\":\"WebSite\",\"@id\":\"https:\/\/www.nasasuperhrana.si\/ribe\/#website\",\"url\":\"https:\/\/www.nasasuperhrana.si\/ribe\/\",\"name\":\"Na\u0161asuperhrana Ribe\",\"description\":\"Najokusnej\u0161e zgodbe na\u0161ega morja\",\"potentialAction\":[{\"@type\":\"SearchAction\",\"target\":{\"@type\":\"EntryPoint\",\"urlTemplate\":\"https:\/\/www.nasasuperhrana.si\/ribe\/?s={search_term_string}\"},\"query-input\":{\"@type\":\"PropertyValueSpecification\",\"valueRequired\":true,\"valueName\":\"search_term_string\"}}],\"inLanguage\":\"sl-SI\"}]}<\/script>\n<!-- \/ Yoast SEO plugin. -->","yoast_head_json":{"title":"Ribolovna orodja - Na\u0161asuperhrana Ribe","robots":{"index":"index","follow":"follow","max-snippet":"max-snippet:-1","max-image-preview":"max-image-preview:large","max-video-preview":"max-video-preview:-1"},"canonical":"https:\/\/www.nasasuperhrana.si\/ribe\/morsko-ribistvo-in-marikultura\/ribolovna-orodja\/","og_locale":"sl_SI","og_type":"article","og_title":"Ribolovna orodja - Na\u0161asuperhrana Ribe","og_url":"https:\/\/www.nasasuperhrana.si\/ribe\/morsko-ribistvo-in-marikultura\/ribolovna-orodja\/","og_site_name":"Na\u0161asuperhrana Ribe","article_modified_time":"2021-10-14T14:38:16+00:00","twitter_card":"summary_large_image","schema":{"@context":"https:\/\/schema.org","@graph":[{"@type":"WebPage","@id":"https:\/\/www.nasasuperhrana.si\/ribe\/morsko-ribistvo-in-marikultura\/ribolovna-orodja\/","url":"https:\/\/www.nasasuperhrana.si\/ribe\/morsko-ribistvo-in-marikultura\/ribolovna-orodja\/","name":"Ribolovna orodja - Na\u0161asuperhrana Ribe","isPartOf":{"@id":"https:\/\/www.nasasuperhrana.si\/ribe\/#website"},"datePublished":"2021-10-14T13:47:07+00:00","dateModified":"2021-10-14T14:38:16+00:00","breadcrumb":{"@id":"https:\/\/www.nasasuperhrana.si\/ribe\/morsko-ribistvo-in-marikultura\/ribolovna-orodja\/#breadcrumb"},"inLanguage":"sl-SI","potentialAction":[{"@type":"ReadAction","target":["https:\/\/www.nasasuperhrana.si\/ribe\/morsko-ribistvo-in-marikultura\/ribolovna-orodja\/"]}]},{"@type":"BreadcrumbList","@id":"https:\/\/www.nasasuperhrana.si\/ribe\/morsko-ribistvo-in-marikultura\/ribolovna-orodja\/#breadcrumb","itemListElement":[{"@type":"ListItem","position":1,"name":"Home","item":"https:\/\/www.nasasuperhrana.si\/ribe\/"},{"@type":"ListItem","position":2,"name":"Morsko ribi\u0161tvo in marikultura","item":"https:\/\/www.nasasuperhrana.si\/ribe\/morsko-ribistvo-in-marikultura\/"},{"@type":"ListItem","position":3,"name":"Ribolovna orodja"}]},{"@type":"WebSite","@id":"https:\/\/www.nasasuperhrana.si\/ribe\/#website","url":"https:\/\/www.nasasuperhrana.si\/ribe\/","name":"Na\u0161asuperhrana Ribe","description":"Najokusnej\u0161e zgodbe na\u0161ega morja","potentialAction":[{"@type":"SearchAction","target":{"@type":"EntryPoint","urlTemplate":"https:\/\/www.nasasuperhrana.si\/ribe\/?s={search_term_string}"},"query-input":{"@type":"PropertyValueSpecification","valueRequired":true,"valueName":"search_term_string"}}],"inLanguage":"sl-SI"}]}},"_links":{"self":[{"href":"https:\/\/www.nasasuperhrana.si\/ribe\/wp-json\/wp\/v2\/pages\/2189","targetHints":{"allow":["GET"]}}],"collection":[{"href":"https:\/\/www.nasasuperhrana.si\/ribe\/wp-json\/wp\/v2\/pages"}],"about":[{"href":"https:\/\/www.nasasuperhrana.si\/ribe\/wp-json\/wp\/v2\/types\/page"}],"author":[{"embeddable":true,"href":"https:\/\/www.nasasuperhrana.si\/ribe\/wp-json\/wp\/v2\/users\/5"}],"replies":[{"embeddable":true,"href":"https:\/\/www.nasasuperhrana.si\/ribe\/wp-json\/wp\/v2\/comments?post=2189"}],"version-history":[{"count":16,"href":"https:\/\/www.nasasuperhrana.si\/ribe\/wp-json\/wp\/v2\/pages\/2189\/revisions"}],"predecessor-version":[{"id":2254,"href":"https:\/\/www.nasasuperhrana.si\/ribe\/wp-json\/wp\/v2\/pages\/2189\/revisions\/2254"}],"up":[{"embeddable":true,"href":"https:\/\/www.nasasuperhrana.si\/ribe\/wp-json\/wp\/v2\/pages\/609"}],"wp:attachment":[{"href":"https:\/\/www.nasasuperhrana.si\/ribe\/wp-json\/wp\/v2\/media?parent=2189"}],"curies":[{"name":"wp","href":"https:\/\/api.w.org\/{rel}","templated":true}]}}